{"id":1765,"date":"2024-06-24T15:02:15","date_gmt":"2024-06-24T15:02:15","guid":{"rendered":"https:\/\/drisskettani.net\/fr\/?page_id=1765"},"modified":"2024-10-09T17:04:30","modified_gmt":"2024-10-09T17:04:30","slug":"%d8%a7%d9%84%d8%b1%d8%a6%d9%8a%d8%b3%d9%8a%d8%a9","status":"publish","type":"page","link":"https:\/\/drisskettani.net\/fr\/","title":{"rendered":"Presentation"},"content":{"rendered":"\n<h2 class=\"wp-block-heading has-text-align-center has-medium-font-size uag-hide-desktop\"><a href=\"https:\/\/drisskettani.net\/fr\/#accueil\" data-type=\"link\" data-id=\"https:\/\/drisskettani.net\/fr\/#accueil\">Presentation<\/a><\/h2>\n\n\n\n<h2 class=\"wp-block-heading has-text-align-center has-medium-font-size uag-hide-desktop\"><a href=\"https:\/\/drisskettani.net\/fr\/biography\/\" data-type=\"page\" data-id=\"694\">CV<\/a><\/h2>\n\n\n\n<h2 class=\"wp-block-heading has-text-align-center has-medium-font-size uag-hide-desktop\"><a href=\"https:\/\/drisskettani.net\/fr\/publications\/\" data-type=\"page\" data-id=\"696\">Publications<\/a><\/h2>\n\n\n\n<h2 class=\"wp-block-heading has-text-align-center has-medium-font-size uag-hide-desktop\"><a href=\"https:\/\/drisskettani.net\/fr\/%d9%85%d9%8a%d8%af%d9%8a%d8%a7\/\" data-type=\"page\" data-id=\"1971\">Media<\/a><\/h2>\n\n\n\n<h2 class=\"wp-block-heading has-text-align-center has-medium-font-size uag-hide-desktop\"><a href=\"https:\/\/www.youtube.com\/@DrissKettani\" data-type=\"link\" data-id=\"https:\/\/www.youtube.com\/@DrissKettani\"> chaine Youtube<\/a><\/h2>\n\n\n\n<h2 class=\"wp-block-heading has-text-align-center has-medium-font-size uag-hide-desktop\"><a href=\"https:\/\/drisskettani.net\/fr\/contact\/\" data-type=\"page\" data-id=\"698\">Contact<\/a>s<\/h2>\n\n\n\n<div id=\"accueil\" class=\"wp-block-uagb-container uagb-block-abc2ec26 alignwide uagb-is-root-container\">\n<div class=\"wp-block-uagb-advanced-heading uagb-block-dcf92c4b\"><h2 class=\"uagb-heading-text\">DRISS GHALI KETTANI<\/h2><\/div>\n<\/div>\n\n\n\n<div class=\"wp-block-uagb-container uagb-block-c0bd8718 alignfull uagb-is-root-container\"><div class=\"uagb-container-inner-blocks-wrap\">\n<div class=\"wp-block-uagb-container uagb-block-40988cfe\">\n<div class=\"wp-block-uagb-advanced-heading uagb-block-71931549 textar textjust\"><h3 class=\"uagb-heading-text\">Ancien ambassadeur du Maroc aupr\u00e8s de l&#8217;\u00c9tat du Kowe\u00eft &#8211; ing\u00e9nieur En chef dans la hi\u00e9rarchie de la fonction publique marocaine &#8211; officier de r\u00e9serve.<br><br><br><\/h3><\/div>\n<\/div>\n\n\n\n<div class=\"wp-block-uagb-container uagb-block-56ca4d46\">\n<div class=\"wp-block-uagb-advanced-heading uagb-block-b5fa0551\"><h2 class=\"uagb-heading-text\">Presentation<\/h2><\/div>\n\n\n\n<p>Dipl\u00f4m\u00e9 de l\u2019\u00c9cole Mohammadia d\u2019ing\u00e9nieurs, promotion Hassan II \u2013 juin 1965.<\/p>\n\n\n\n<p>A occup\u00e9 plusieurs postes \u00e0 caract\u00e8re technique, \u00e9conomique et diplomatique, dans les secteurs priv\u00e9, public, semi-public et intergouvernemental, au cours d\u2019une p\u00e9riode de trente-neuf ans (1965-2003).<\/p>\n\n\n\n<p>A exerc\u00e9 de nombreuses fonctions au nombre de dix-sept, parmi lesquelles :<\/p>\n\n\n\n<p>-Directeur de cabinet du ministre du Commerce, de l\u2019Industrie, des Mines, de l\u2019\u00c9nergie et de la marine marchande (1974-1975).<\/p>\n\n\n\n<p>-Repr\u00e9sentant permanent du Maroc aupr\u00e8s du Comit\u00e9 consultatif des pays du Maghreb (Tunis, 1976-77).<\/p>\n\n\n\n<p>-Directeur g\u00e9n\u00e9ral a l\u2019Organisation intergouvernementale de la Francophonie (Paris ,1990-1995).<\/p>\n\n\n\n<p>-Ambassadeur du Maroc au Kowe\u00eft (1996-2001).<\/p>\n\n\n\n<p>A particip\u00e9 \u00e0 de nombreuses r\u00e9unions et conf\u00e9rences au niveau national, r\u00e9gional et international, dont cinq sommets au niveau des chefs d\u2019\u00c9tat et une quarante au niveau minist\u00e9riel.<\/p>\n\n\n\n<p>Conseiller de soci\u00e9t\u00e9s depuis son d\u00e9part \u00e0 la retraite en 2003, pour la recherche de financements ext\u00e9rieurs, notamment en provenance des pays du Golf.<\/p>\n\n\n\n<p>A publi\u00e9 de nombreux articles traitant de sujets \u00e0 caract\u00e8re politique,, artistique et sportif , tels que <\/p>\n\n\n\n<p>Pour plus de details voir CV <\/p>\n<\/div>\n<\/div><\/div>\n\n\n\n<div style=\"height:87px\" aria-hidden=\"true\" class=\"wp-block-spacer\"><\/div>\n\n\n\n\t\t\t<div class=\"wp-block-uagb-post-grid uagb-post-grid textar uagb-post__image-position-top uagb-post__image-enabled uagb-block-6f06728b     uagb-post__items uagb-post__columns-3 is-grid uagb-post__columns-tablet-2 uagb-post__columns-mobile-1 uagb-post__equal-height\" data-total=\"1\" style=\"\">\n\n\t\t\t\t\t\t\t\t\t\t\t\t<article class=\"uagb-post__inner-wrap\">\t\t\t\t\t\t\t\t<div class='uagb-post__image'>\n\t\t\t\t\t\t\t\t\t<a href=\"https:\/\/drisskettani.net\/fr\/lorsque-hassan-ii-a-parle-de-sa-propre-mort\/\" target=\"_self\" rel=\"bookmark noopener noreferrer\" class='uagb-image-ratio-inherit'><img loading=\"lazy\" decoding=\"async\" width=\"720\" height=\"720\" src=\"https:\/\/drisskettani.net\/fr\/wp-content\/uploads\/2024\/06\/hasan2.jpg\" class=\"attachment-large size-large\" alt=\"\" srcset=\"https:\/\/drisskettani.net\/fr\/wp-content\/uploads\/2024\/06\/hasan2.jpg 720w, https:\/\/drisskettani.net\/fr\/wp-content\/uploads\/2024\/06\/hasan2-300x300.jpg 300w, https:\/\/drisskettani.net\/fr\/wp-content\/uploads\/2024\/06\/hasan2-150x150.jpg 150w\" sizes=\"auto, (max-width: 720px) 100vw, 720px\" \/>\t\t\t\t\t<\/a>\n\t\t\t\t\t\t\t<\/div>\n\t\t\t\t\t\t<h4 class=\"uagb-post__title uagb-post__text\">\n\t\t\t\t<a href=\"https:\/\/drisskettani.net\/fr\/lorsque-hassan-ii-a-parle-de-sa-propre-mort\/\" target=\"_self\" rel=\"bookmark noopener noreferrer\">Lorsque Hassan II avait parl\u00e9 de sa mort dix ans auparavant<\/a>\n\t\t\t<\/h4>\n\t\t\t\t\t\t<div class='uagb-post__text uagb-post-grid-byline'>\n\t\t\t\t\t\t\t<\/div>\n\t\t\t\t\t\t\t<div class='uagb-post__text uagb-post__excerpt'>\n\t\t\t\t\t<p>traduction approximative d un article publi\u00e9 en arabe dans akhbar alyawm en 2018 Journal Akhbar Al Yaoum : Num\u00e9ro 3342 Quelques jours apr\u00e8s la mort de feu Hassan II, d\u00e9c\u00e9d\u00e9&#8230;\t\t\t\t<\/div>\n\t\t\t\t\t\t<div class=\"uagb-post__text uagb-post__cta wp-block-button\">\n\t\t\t\t<a class=\"wp-block-button__link uagb-text-link\" style=\"\" href=\"https:\/\/drisskettani.net\/fr\/lorsque-hassan-ii-a-parle-de-sa-propre-mort\/\" target=\"_self\" rel=\"bookmark noopener noreferrer\">lire..<\/a>\n\t\t\t<\/div>\n\t\t\t\n\t\t\t\t\t\t\t\t\t<\/article>\n\t\t\t\t\t\t\t\t\t\t\t\t\t\t\t\t<article class=\"uagb-post__inner-wrap\">\t\t\t\t\t\t\t\t<div class='uagb-post__image'>\n\t\t\t\t\t\t\t\t\t<a href=\"https:\/\/drisskettani.net\/fr\/ainsi-sest-deroulee-ma-participation-a-la-marche-du-20-fevrier-2011\/\" target=\"_self\" rel=\"bookmark noopener noreferrer\" class='uagb-image-ratio-inherit'><img loading=\"lazy\" decoding=\"async\" width=\"720\" height=\"720\" src=\"https:\/\/drisskettani.net\/fr\/wp-content\/uploads\/2024\/06\/20-fev.jpg\" class=\"attachment-large size-large\" alt=\"\" srcset=\"https:\/\/drisskettani.net\/fr\/wp-content\/uploads\/2024\/06\/20-fev.jpg 720w, https:\/\/drisskettani.net\/fr\/wp-content\/uploads\/2024\/06\/20-fev-300x300.jpg 300w, https:\/\/drisskettani.net\/fr\/wp-content\/uploads\/2024\/06\/20-fev-150x150.jpg 150w\" sizes=\"auto, (max-width: 720px) 100vw, 720px\" \/>\t\t\t\t\t<\/a>\n\t\t\t\t\t\t\t<\/div>\n\t\t\t\t\t\t<h4 class=\"uagb-post__title uagb-post__text\">\n\t\t\t\t<a href=\"https:\/\/drisskettani.net\/fr\/ainsi-sest-deroulee-ma-participation-a-la-marche-du-20-fevrier-2011\/\" target=\"_self\" rel=\"bookmark noopener noreferrer\">Protected: Ainsi s&#8217;est d\u00e9roul\u00e9e ma participation \u00e0 la marche du 20 f\u00e9vrier 2011<\/a>\n\t\t\t<\/h4>\n\t\t\t\t\t\t<div class='uagb-post__text uagb-post-grid-byline'>\n\t\t\t\t\t\t\t<\/div>\n\t\t\t\t\t\t\t<div class='uagb-post__text uagb-post__excerpt'>\n\t\t\t\t\tThere is no excerpt because this is a protected post.\t\t\t\t<\/div>\n\t\t\t\t\t\t\t<div class=\"uagb-post__text uagb-post__cta wp-block-button\">\n\t\t\t\t<a class=\"wp-block-button__link uagb-text-link\" style=\"\" href=\"https:\/\/drisskettani.net\/fr\/ainsi-sest-deroulee-ma-participation-a-la-marche-du-20-fevrier-2011\/\" target=\"_self\" rel=\"bookmark noopener noreferrer\">lire..<\/a>\n\t\t\t<\/div>\n\t\t\t\n\t\t\t\t\t\t\t\t\t<\/article>\n\t\t\t\t\t\t\t\t\t\t\t\t\t\t\t\t<article class=\"uagb-post__inner-wrap\">\t\t\t\t\t\t\t\t<div class='uagb-post__image'>\n\t\t\t\t\t\t\t\t\t<a href=\"https:\/\/drisskettani.net\/fr\/la-loi-a-la-carte\/\" target=\"_self\" rel=\"bookmark noopener noreferrer\" class='uagb-image-ratio-inherit'><img loading=\"lazy\" decoding=\"async\" width=\"720\" height=\"720\" src=\"https:\/\/drisskettani.net\/fr\/wp-content\/uploads\/2024\/06\/law.jpg\" class=\"attachment-large size-large\" alt=\"\" srcset=\"https:\/\/drisskettani.net\/fr\/wp-content\/uploads\/2024\/06\/law.jpg 720w, https:\/\/drisskettani.net\/fr\/wp-content\/uploads\/2024\/06\/law-300x300.jpg 300w, https:\/\/drisskettani.net\/fr\/wp-content\/uploads\/2024\/06\/law-150x150.jpg 150w\" sizes=\"auto, (max-width: 720px) 100vw, 720px\" \/>\t\t\t\t\t<\/a>\n\t\t\t\t\t\t\t<\/div>\n\t\t\t\t\t\t<h4 class=\"uagb-post__title uagb-post__text\">\n\t\t\t\t<a href=\"https:\/\/drisskettani.net\/fr\/la-loi-a-la-carte\/\" target=\"_self\" rel=\"bookmark noopener noreferrer\">Protected: La loi A LA CARTE<\/a>\n\t\t\t<\/h4>\n\t\t\t\t\t\t<div class='uagb-post__text uagb-post-grid-byline'>\n\t\t\t\t\t\t\t<\/div>\n\t\t\t\t\t\t\t<div class='uagb-post__text uagb-post__excerpt'>\n\t\t\t\t\tThere is no excerpt because this is a protected post.\t\t\t\t<\/div>\n\t\t\t\t\t\t\t<div class=\"uagb-post__text uagb-post__cta wp-block-button\">\n\t\t\t\t<a class=\"wp-block-button__link uagb-text-link\" style=\"\" href=\"https:\/\/drisskettani.net\/fr\/la-loi-a-la-carte\/\" target=\"_self\" rel=\"bookmark noopener noreferrer\">lire..<\/a>\n\t\t\t<\/div>\n\t\t\t\n\t\t\t\t\t\t\t\t\t<\/article>\n\t\t\t\t\t\t\t\t\t\t\t\t\t\t\t\t<article class=\"uagb-post__inner-wrap\">\t\t\t\t\t\t\t\t<div class='uagb-post__image'>\n\t\t\t\t\t\t\t\t\t<a href=\"https:\/\/drisskettani.net\/fr\/comment-la-dame-est-venue-au-maroc-idriss-el-kettani-revue-zamane-mars-2018\/\" target=\"_self\" rel=\"bookmark noopener noreferrer\" class='uagb-image-ratio-inherit'><img loading=\"lazy\" decoding=\"async\" width=\"720\" height=\"720\" src=\"https:\/\/drisskettani.net\/fr\/wp-content\/uploads\/2024\/06\/oum-keltoum.jpg\" class=\"attachment-large size-large\" alt=\"\" srcset=\"https:\/\/drisskettani.net\/fr\/wp-content\/uploads\/2024\/06\/oum-keltoum.jpg 720w, https:\/\/drisskettani.net\/fr\/wp-content\/uploads\/2024\/06\/oum-keltoum-300x300.jpg 300w, https:\/\/drisskettani.net\/fr\/wp-content\/uploads\/2024\/06\/oum-keltoum-150x150.jpg 150w\" sizes=\"auto, (max-width: 720px) 100vw, 720px\" \/>\t\t\t\t\t<\/a>\n\t\t\t\t\t\t\t<\/div>\n\t\t\t\t\t\t<h4 class=\"uagb-post__title uagb-post__text\">\n\t\t\t\t<a href=\"https:\/\/drisskettani.net\/fr\/comment-la-dame-est-venue-au-maroc-idriss-el-kettani-revue-zamane-mars-2018\/\" target=\"_self\" rel=\"bookmark noopener noreferrer\">Comment \u00ab sit oumkaltoum \u00bb est venue au Maroc \u2013 driss Kettani \u2013 Revue Zamane \u2013 Mars 2018<\/a>\n\t\t\t<\/h4>\n\t\t\t\t\t\t<div class='uagb-post__text uagb-post-grid-byline'>\n\t\t\t\t\t\t\t<\/div>\n\t\t\t\t\t\t\t<div class='uagb-post__text uagb-post__excerpt'>\n\t\t\t\t\t<p>histoire de la venue de SAYDA OUMKALTOUM au Maroc driss Kettani En ce mois de mars de l&#8217;ann\u00e9e 2018), cela fait cinquante ans que la c\u00e9l\u00e8bre chanteuse \u00e9gyptienne oum Kulthum&#8230;\t\t\t\t<\/div>\n\t\t\t\t\t\t<div class=\"uagb-post__text uagb-post__cta wp-block-button\">\n\t\t\t\t<a class=\"wp-block-button__link uagb-text-link\" style=\"\" href=\"https:\/\/drisskettani.net\/fr\/comment-la-dame-est-venue-au-maroc-idriss-el-kettani-revue-zamane-mars-2018\/\" target=\"_self\" rel=\"bookmark noopener noreferrer\">lire..<\/a>\n\t\t\t<\/div>\n\t\t\t\n\t\t\t\t\t\t\t\t\t<\/article>\n\t\t\t\t\t\t\t\t\t\t\t\t\t\t\t\t<article class=\"uagb-post__inner-wrap\">\t\t\t\t\t\t\t\t<div class='uagb-post__image'>\n\t\t\t\t\t\t\t\t\t<a href=\"https:\/\/drisskettani.net\/fr\/faria\/\" target=\"_self\" rel=\"bookmark noopener noreferrer\" class='uagb-image-ratio-inherit'><img loading=\"lazy\" decoding=\"async\" width=\"720\" height=\"720\" src=\"https:\/\/drisskettani.net\/fr\/wp-content\/uploads\/2024\/06\/jose-faria-with-morrocan-team-1986.jpg\" class=\"attachment-large size-large\" alt=\"\" srcset=\"https:\/\/drisskettani.net\/fr\/wp-content\/uploads\/2024\/06\/jose-faria-with-morrocan-team-1986.jpg 720w, https:\/\/drisskettani.net\/fr\/wp-content\/uploads\/2024\/06\/jose-faria-with-morrocan-team-1986-300x300.jpg 300w, https:\/\/drisskettani.net\/fr\/wp-content\/uploads\/2024\/06\/jose-faria-with-morrocan-team-1986-150x150.jpg 150w\" sizes=\"auto, (max-width: 720px) 100vw, 720px\" \/>\t\t\t\t\t<\/a>\n\t\t\t\t\t\t\t<\/div>\n\t\t\t\t\t\t<h4 class=\"uagb-post__title uagb-post__text\">\n\t\t\t\t<a href=\"https:\/\/drisskettani.net\/fr\/faria\/\" target=\"_self\" rel=\"bookmark noopener noreferrer\">MON HISTOIRE AVEC L ENTRAINEUR BRESILIEN FEU MAHDI FARIA<\/a>\n\t\t\t<\/h4>\n\t\t\t\t\t\t<div class='uagb-post__text uagb-post-grid-byline'>\n\t\t\t\t\t\t\t<\/div>\n\t\t\t\t\t\t\t<div class='uagb-post__text uagb-post__excerpt'>\n\t\t\t\t\t<p>24 articles publi\u00e9s en arabe dans le journal akhbar alyoum parall\u00e8lement au deroulement de la coupe du monde de 2018 d\u00e9sol\u00e9 pour cette traduction approximative C\u2019est ainsi que Hassan II&#8230;\t\t\t\t<\/div>\n\t\t\t\t\t\t<div class=\"uagb-post__text uagb-post__cta wp-block-button\">\n\t\t\t\t<a class=\"wp-block-button__link uagb-text-link\" style=\"\" href=\"https:\/\/drisskettani.net\/fr\/faria\/\" target=\"_self\" rel=\"bookmark noopener noreferrer\">lire..<\/a>\n\t\t\t<\/div>\n\t\t\t\n\t\t\t\t\t\t\t\t\t<\/article>\n\t\t\t\t\t\t\t\t\t\t\t<\/div>\n\t\t\t","protected":false},"excerpt":{"rendered":"<p>Presentation CV Publications Media chaine Youtube Contacts DRISS GHALI KETTANI Ancien ambassadeur du Maroc aupr\u00e8s de l&#8217;\u00c9tat du Kowe\u00eft &#8211; ing\u00e9nieur En chef dans la hi\u00e9rarchie de la fonction publique marocaine &#8211; officier de r\u00e9serve. Presentation Dipl\u00f4m\u00e9 de l\u2019\u00c9cole Mohammadia d\u2019ing\u00e9nieurs, promotion Hassan II \u2013 juin 1965. A occup\u00e9 plusieurs postes \u00e0 caract\u00e8re technique, \u00e9conomique [&hellip;]<\/p>\n","protected":false},"author":1,"featured_media":0,"parent":0,"menu_order":0,"comment_status":"closed","ping_status":"closed","template":"","meta":{"_uag_custom_page_level_css":"","site-sidebar-layout":"no-sidebar","site-content-layout":"page-builder","ast-site-content-layout":"full-width-container","site-content-style":"unboxed","site-sidebar-style":"unboxed","ast-global-header-display":"","ast-banner-title-visibility":"","ast-main-header-display":"","ast-hfb-above-header-display":"","ast-hfb-below-header-display":"","ast-hfb-mobile-header-display":"","site-post-title":"disabled","ast-breadcrumbs-content":"","ast-featured-img":"disabled","footer-sml-layout":"","theme-transparent-header-meta":"enabled","adv-header-id-meta":"","stick-header-meta":"","header-above-stick-meta":"","header-main-stick-meta":"","header-below-stick-meta":"","astra-migrate-meta-layouts":"set","ast-page-background-enabled":"default","ast-page-background-meta":{"desktop":{"background-color":"","background-image":"","background-repeat":"repeat","background-position":"center center","background-size":"auto","background-attachment":"scroll","background-type":"","background-media":"","overlay-type":"","overlay-color":"","overlay-opacity":"","overlay-gradient":""},"tablet":{"background-color":"","background-image":"","background-repeat":"repeat","background-position":"center center","background-size":"auto","background-attachment":"scroll","background-type":"","background-media":"","overlay-type":"","overlay-color":"","overlay-opacity":"","overlay-gradient":""},"mobile":{"background-color":"","background-image":"","background-repeat":"repeat","background-position":"center center","background-size":"auto","background-attachment":"scroll","background-type":"","background-media":"","overlay-type":"","overlay-color":"","overlay-opacity":"","overlay-gradient":""}},"ast-content-background-meta":{"desktop":{"background-color":"var(--ast-global-color-5)","background-image":"","background-repeat":"repeat","background-position":"center center","background-size":"auto","background-attachment":"scroll","background-type":"","background-media":"","overlay-type":"","overlay-color":"","overlay-opacity":"","overlay-gradient":""},"tablet":{"background-color":"var(--ast-global-color-5)","background-image":"","background-repeat":"repeat","background-position":"center center","background-size":"auto","background-attachment":"scroll","background-type":"","background-media":"","overlay-type":"","overlay-color":"","overlay-opacity":"","overlay-gradient":""},"mobile":{"background-color":"var(--ast-global-color-5)","background-image":"","background-repeat":"repeat","background-position":"center center","background-size":"auto","background-attachment":"scroll","background-type":"","background-media":"","overlay-type":"","overlay-color":"","overlay-opacity":"","overlay-gradient":""}},"footnotes":""},"class_list":["post-1765","page","type-page","status-publish","hentry"],"uagb_featured_image_src":{"full":false,"thumbnail":false,"medium":false,"medium_large":false,"large":false,"1536x1536":false,"2048x2048":false},"uagb_author_info":{"display_name":"drisskettani","author_link":"https:\/\/drisskettani.net\/fr\/author\/drisskettani\/"},"uagb_comment_info":0,"uagb_excerpt":"Presentation CV Publications Media chaine Youtube Contacts DRISS GHALI KETTANI Ancien ambassadeur du Maroc aupr\u00e8s de l&#8217;\u00c9tat du Kowe\u00eft &#8211; ing\u00e9nieur En chef dans la hi\u00e9rarchie de la fonction publique marocaine &#8211; officier de r\u00e9serve. Presentation Dipl\u00f4m\u00e9 de l\u2019\u00c9cole Mohammadia d\u2019ing\u00e9nieurs, promotion Hassan II \u2013 juin 1965. A occup\u00e9 plusieurs postes \u00e0 caract\u00e8re technique, \u00e9conomique&hellip;","_links":{"self":[{"href":"https:\/\/drisskettani.net\/fr\/wp-json\/wp\/v2\/pages\/1765","targetHints":{"allow":["GET"]}}],"collection":[{"href":"https:\/\/drisskettani.net\/fr\/wp-json\/wp\/v2\/pages"}],"about":[{"href":"https:\/\/drisskettani.net\/fr\/wp-json\/wp\/v2\/types\/page"}],"author":[{"embeddable":true,"href":"https:\/\/drisskettani.net\/fr\/wp-json\/wp\/v2\/users\/1"}],"replies":[{"embeddable":true,"href":"https:\/\/drisskettani.net\/fr\/wp-json\/wp\/v2\/comments?post=1765"}],"version-history":[{"count":70,"href":"https:\/\/drisskettani.net\/fr\/wp-json\/wp\/v2\/pages\/1765\/revisions"}],"predecessor-version":[{"id":2285,"href":"https:\/\/drisskettani.net\/fr\/wp-json\/wp\/v2\/pages\/1765\/revisions\/2285"}],"wp:attachment":[{"href":"https:\/\/drisskettani.net\/fr\/wp-json\/wp\/v2\/media?parent=1765"}],"curies":[{"name":"wp","href":"https:\/\/api.w.org\/{rel}","templated":true}]}}