{"id":1971,"date":"2024-07-20T16:07:39","date_gmt":"2024-07-20T16:07:39","guid":{"rendered":"https:\/\/drisskettani.net\/fr\/?page_id=1971"},"modified":"2024-08-23T21:23:13","modified_gmt":"2024-08-23T21:23:13","slug":"%d9%85%d9%8a%d8%af%d9%8a%d8%a7","status":"publish","type":"page","link":"https:\/\/drisskettani.net\/fr\/%d9%85%d9%8a%d8%af%d9%8a%d8%a7\/","title":{"rendered":"Medias"},"content":{"rendered":"\n<div style=\"height:100px\" aria-hidden=\"true\" class=\"wp-block-spacer\"><\/div>\n\n\n\n<div class=\"wp-block-uagb-advanced-heading uagb-block-1ce23316\"><h1 class=\"uagb-heading-text\">M\u00e9dias<\/h1><\/div>\n\n\n\n<div class=\"wp-block-uagb-container uagb-block-4529a633 alignfull uagb-is-root-container\"><div class=\"uagb-container-inner-blocks-wrap\">\n<hr class=\"wp-block-separator aligncenter has-alpha-channel-opacity is-style-wide\" style=\"margin-top:var(--wp--preset--spacing--20);margin-bottom:var(--wp--preset--spacing--20)\"\/>\n\n\n\n<div class=\"wp-block-uagb-advanced-heading uagb-block-766146e7\"><h2 class=\"uagb-heading-text\">Photo et commentaire<\/h2><\/div>\n\n\n\n<hr class=\"wp-block-separator aligncenter has-alpha-channel-opacity is-style-wide\" style=\"margin-top:var(--wp--preset--spacing--20);margin-bottom:var(--wp--preset--spacing--20)\"\/>\n\n\n\n\t\t\t<div class=\"wp-block-uagb-post-grid uagb-post-grid textar uagb-post__image-position-top uagb-post__image-enabled uagb-block-b870c35c     uagb-post__items uagb-post__columns-3 is-grid uagb-post__columns-tablet-2 uagb-post__columns-mobile-1 uagb-post__equal-height\" data-total=\"1\" style=\"\">\n\n\t\t\t\t\t\t\t\t\t\t\t\t<article class=\"uagb-post__inner-wrap\">\t\t\t\t\t\t\t\t<div class='uagb-post__image'>\n\t\t\t\t\t\t\t\t\t<a href=\"https:\/\/drisskettani.net\/fr\/%d8%b3%d9%81%d9%8a%d9%86%d8%a9-%d8%a7%d9%84%d9%88%d8%ad%d8%af%d8%a9\/\" target=\"_self\" rel=\"bookmark noopener noreferrer\" class='uagb-image-ratio-inherit'><img loading=\"lazy\" decoding=\"async\" width=\"1024\" height=\"676\" src=\"https:\/\/drisskettani.net\/fr\/wp-content\/uploads\/2024\/07\/alger-1024x676.jpg\" class=\"attachment-large size-large\" alt=\"\" srcset=\"https:\/\/drisskettani.net\/fr\/wp-content\/uploads\/2024\/07\/alger-1024x676.jpg 1024w, https:\/\/drisskettani.net\/fr\/wp-content\/uploads\/2024\/07\/alger-300x198.jpg 300w, https:\/\/drisskettani.net\/fr\/wp-content\/uploads\/2024\/07\/alger-768x507.jpg 768w, https:\/\/drisskettani.net\/fr\/wp-content\/uploads\/2024\/07\/alger-1536x1015.jpg 1536w, https:\/\/drisskettani.net\/fr\/wp-content\/uploads\/2024\/07\/alger-2048x1353.jpg 2048w\" sizes=\"auto, (max-width: 1024px) 100vw, 1024px\" \/>\t\t\t\t\t<\/a>\n\t\t\t\t\t\t\t<\/div>\n\t\t\t\t\t\t<h4 class=\"uagb-post__title uagb-post__text\">\n\t\t\t\t<a href=\"https:\/\/drisskettani.net\/fr\/%d8%b3%d9%81%d9%8a%d9%86%d8%a9-%d8%a7%d9%84%d9%88%d8%ad%d8%af%d8%a9\/\" target=\"_self\" rel=\"bookmark noopener noreferrer\">Navire de l unite regroupant les delegations des cinq pays maghrebins<\/a>\n\t\t\t<\/h4>\n\t\t\t\t\t\t<div class='uagb-post__text uagb-post-grid-byline'>\n\t\t\t\t\t\t\t<\/div>\n\t\t\t\t\t\t\t<div class='uagb-post__text uagb-post__excerpt'>\n\t\t\t\t\t<p>Photo avec SE Abdellatif khallaf et Mr Bouzaher \u00e0 bord du navire de l&#8217;unit\u00e9 maghr\u00e9bine, dans le cadre de la relance du projet de l&#8217;Union du Maghreb arabe en 1989&#8230;.\t\t\t\t<\/div>\n\t\t\t\t\t\t<div class=\"uagb-post__text uagb-post__cta wp-block-button\">\n\t\t\t\t<a class=\"wp-block-button__link uagb-text-link\" style=\"\" href=\"https:\/\/drisskettani.net\/fr\/%d8%b3%d9%81%d9%8a%d9%86%d8%a9-%d8%a7%d9%84%d9%88%d8%ad%d8%af%d8%a9\/\" target=\"_self\" rel=\"bookmark noopener noreferrer\">lire..<\/a>\n\t\t\t<\/div>\n\t\t\t\n\t\t\t\t\t\t\t\t\t<\/article>\n\t\t\t\t\t\t\t\t\t\t\t\t\t\t\t\t<article class=\"uagb-post__inner-wrap\">\t\t\t\t\t\t\t\t<div class='uagb-post__image'>\n\t\t\t\t\t\t\t\t\t<a href=\"https:\/\/drisskettani.net\/fr\/%d8%b1%d8%a6%d9%8a%d8%b3-%d8%ac%d9%85%d9%87%d9%88%d8%b1%d9%8a%d8%a9-%d9%84%d8%a7%d9%88%d8%b3\/\" target=\"_self\" rel=\"bookmark noopener noreferrer\" class='uagb-image-ratio-inherit'><img loading=\"lazy\" decoding=\"async\" width=\"1024\" height=\"676\" src=\"https:\/\/drisskettani.net\/fr\/wp-content\/uploads\/2024\/07\/laos-1024x676.jpg\" class=\"attachment-large size-large\" alt=\"\" srcset=\"https:\/\/drisskettani.net\/fr\/wp-content\/uploads\/2024\/07\/laos-1024x676.jpg 1024w, https:\/\/drisskettani.net\/fr\/wp-content\/uploads\/2024\/07\/laos-300x198.jpg 300w, https:\/\/drisskettani.net\/fr\/wp-content\/uploads\/2024\/07\/laos-768x507.jpg 768w, https:\/\/drisskettani.net\/fr\/wp-content\/uploads\/2024\/07\/laos-1536x1015.jpg 1536w, https:\/\/drisskettani.net\/fr\/wp-content\/uploads\/2024\/07\/laos-2048x1353.jpg 2048w\" sizes=\"auto, (max-width: 1024px) 100vw, 1024px\" \/>\t\t\t\t\t<\/a>\n\t\t\t\t\t\t\t<\/div>\n\t\t\t\t\t\t<h4 class=\"uagb-post__title uagb-post__text\">\n\t\t\t\t<a href=\"https:\/\/drisskettani.net\/fr\/%d8%b1%d8%a6%d9%8a%d8%b3-%d8%ac%d9%85%d9%87%d9%88%d8%b1%d9%8a%d8%a9-%d9%84%d8%a7%d9%88%d8%b3\/\" target=\"_self\" rel=\"bookmark noopener noreferrer\">Pr\u00e9sident de la R\u00e9publique du Laos<\/a>\n\t\t\t<\/h4>\n\t\t\t\t\t\t<div class='uagb-post__text uagb-post-grid-byline'>\n\t\t\t\t\t\t\t<\/div>\n\t\t\t\t\t\t\t<div class='uagb-post__text uagb-post__excerpt'>\n\t\t\t\t\t<p>Avec le Pr\u00e9sident de la R\u00e9publique du Laos lors du Sommet de la Francophonie \u00e0 Maurice en 1993<\/p>\n\t\t\t\t<\/div>\n\t\t\t\t\t\t<div class=\"uagb-post__text uagb-post__cta wp-block-button\">\n\t\t\t\t<a class=\"wp-block-button__link uagb-text-link\" style=\"\" href=\"https:\/\/drisskettani.net\/fr\/%d8%b1%d8%a6%d9%8a%d8%b3-%d8%ac%d9%85%d9%87%d9%88%d8%b1%d9%8a%d8%a9-%d9%84%d8%a7%d9%88%d8%b3\/\" target=\"_self\" rel=\"bookmark noopener noreferrer\">lire..<\/a>\n\t\t\t<\/div>\n\t\t\t\n\t\t\t\t\t\t\t\t\t<\/article>\n\t\t\t\t\t\t\t\t\t\t\t<\/div>\n\t\t\t<\/div><\/div>\n","protected":false},"excerpt":{"rendered":"<p>M\u00e9dias Photo et commentaire<\/p>\n","protected":false},"author":1,"featured_media":0,"parent":0,"menu_order":0,"comment_status":"closed","ping_status":"closed","template":"","meta":{"_uag_custom_page_level_css":"","site-sidebar-layout":"no-sidebar","site-content-layout":"plain-container","ast-site-content-layout":"normal-width-container","site-content-style":"unboxed","site-sidebar-style":"unboxed","ast-global-header-display":"","ast-banner-title-visibility":"","ast-main-header-display":"","ast-hfb-above-header-display":"","ast-hfb-below-header-display":"","ast-hfb-mobile-header-display":"","site-post-title":"disabled","ast-breadcrumbs-content":"","ast-featured-img":"disabled","footer-sml-layout":"","theme-transparent-header-meta":"enabled","adv-header-id-meta":"","stick-header-meta":"","header-above-stick-meta":"","header-main-stick-meta":"","header-below-stick-meta":"","astra-migrate-meta-layouts":"set","ast-page-background-enabled":"default","ast-page-background-meta":{"desktop":{"background-color":"","background-image":"","background-repeat":"repeat","background-position":"center center","background-size":"auto","background-attachment":"scroll","background-type":"","background-media":"","overlay-type":"","overlay-color":"","overlay-opacity":"","overlay-gradient":""},"tablet":{"background-color":"","background-image":"","background-repeat":"repeat","background-position":"center center","background-size":"auto","background-attachment":"scroll","background-type":"","background-media":"","overlay-type":"","overlay-color":"","overlay-opacity":"","overlay-gradient":""},"mobile":{"background-color":"","background-image":"","background-repeat":"repeat","background-position":"center center","background-size":"auto","background-attachment":"scroll","background-type":"","background-media":"","overlay-type":"","overlay-color":"","overlay-opacity":"","overlay-gradient":""}},"ast-content-background-meta":{"desktop":{"background-color":"var(--ast-global-color-5)","background-image":"","background-repeat":"repeat","background-position":"center center","background-size":"auto","background-attachment":"scroll","background-type":"","background-media":"","overlay-type":"","overlay-color":"","overlay-opacity":"","overlay-gradient":""},"tablet":{"background-color":"var(--ast-global-color-5)","background-image":"","background-repeat":"repeat","background-position":"center center","background-size":"auto","background-attachment":"scroll","background-type":"","background-media":"","overlay-type":"","overlay-color":"","overlay-opacity":"","overlay-gradient":""},"mobile":{"background-color":"var(--ast-global-color-5)","background-image":"","background-repeat":"repeat","background-position":"center center","background-size":"auto","background-attachment":"scroll","background-type":"","background-media":"","overlay-type":"","overlay-color":"","overlay-opacity":"","overlay-gradient":""}},"footnotes":""},"class_list":["post-1971","page","type-page","status-publish","hentry"],"uagb_featured_image_src":{"full":false,"thumbnail":false,"medium":false,"medium_large":false,"large":false,"1536x1536":false,"2048x2048":false},"uagb_author_info":{"display_name":"drisskettani","author_link":"https:\/\/drisskettani.net\/fr\/author\/drisskettani\/"},"uagb_comment_info":0,"uagb_excerpt":"M\u00e9dias Photo et commentaire","_links":{"self":[{"href":"https:\/\/drisskettani.net\/fr\/wp-json\/wp\/v2\/pages\/1971","targetHints":{"allow":["GET"]}}],"collection":[{"href":"https:\/\/drisskettani.net\/fr\/wp-json\/wp\/v2\/pages"}],"about":[{"href":"https:\/\/drisskettani.net\/fr\/wp-json\/wp\/v2\/types\/page"}],"author":[{"embeddable":true,"href":"https:\/\/drisskettani.net\/fr\/wp-json\/wp\/v2\/users\/1"}],"replies":[{"embeddable":true,"href":"https:\/\/drisskettani.net\/fr\/wp-json\/wp\/v2\/comments?post=1971"}],"version-history":[{"count":9,"href":"https:\/\/drisskettani.net\/fr\/wp-json\/wp\/v2\/pages\/1971\/revisions"}],"predecessor-version":[{"id":2213,"href":"https:\/\/drisskettani.net\/fr\/wp-json\/wp\/v2\/pages\/1971\/revisions\/2213"}],"wp:attachment":[{"href":"https:\/\/drisskettani.net\/fr\/wp-json\/wp\/v2\/media?parent=1971"}],"curies":[{"name":"wp","href":"https:\/\/api.w.org\/{rel}","templated":true}]}}